{"id":3947154,"date":"2026-03-13T14:05:16","date_gmt":"2026-03-13T14:05:16","guid":{"rendered":"https:\/\/esautod.ee\/?page_id=3947154"},"modified":"2026-03-14T17:39:42","modified_gmt":"2026-03-14T17:39:42","slug":"blog","status":"publish","type":"page","link":"https:\/\/esautod.ee\/ru\/blog\/","title":{"rendered":"\u0411\u043b\u043e\u0433"},"content":{"rendered":"<div class=\"wpb-content-wrapper\"><p>[vc_row][vc_column][stm_blog_grid per_page=&#187;9&#8243; advert_link=&#187;https:\/\/esautod.ee\/ru\/blog\/skupka-avto-tsena-estoniya\/&#187;][\/vc_column][\/vc_row]<\/p>\n<\/div>","protected":false},"excerpt":{"rendered":"<p>[vc_row][vc_column][stm_blog_grid per_page=&#187;9&#8243; advert_link=&#187;https:\/\/esautod.ee\/ru\/blog\/skupka-avto-tsena-estoniya\/&#187;][\/vc_column][\/vc_row]<\/p>\n","protected":false},"author":7,"featured_media":0,"parent":0,"menu_order":0,"comment_status":"closed","ping_status":"closed","template":"","meta":{"_acf_changed":false,"footnotes":""},"class_list":["post-3947154","page","type-page","status-publish","hentry"],"acf":[],"yoast_head":"<!-- This site is optimized with the Yoast SEO plugin v26.3 - https:\/\/yoast.com\/wordpress\/plugins\/seo\/ -->\n<title>\u0411\u043b\u043e\u0433 - ES Autod O\u00dc<\/title>\n<meta name=\"robots\" content=\"index, follow, max-snippet:-1, max-image-preview:large, max-video-preview:-1\" \/>\n<link rel=\"canonical\" href=\"https:\/\/esautod.ee\/blog\/\" \/>\n<meta property=\"og:locale\" content=\"ru_RU\" \/>\n<meta property=\"og:type\" content=\"article\" \/>\n<meta property=\"og:title\" content=\"\u0411\u043b\u043e\u0433 - ES Autod O\u00dc\" \/>\n<meta property=\"og:description\" content=\"[vc_row][vc_column][stm_blog_grid per_page=&#187;9&#8243; advert_link=&#187;https:\/\/esautod.ee\/ru\/blog\/skupka-avto-tsena-estoniya\/&#187;][\/vc_column][\/vc_row]\" \/>\n<meta property=\"og:url\" content=\"https:\/\/esautod.ee\/blog\/\" \/>\n<meta property=\"og:site_name\" content=\"ES Autod O\u00dc\" \/>\n<meta property=\"article:modified_time\" content=\"2026-03-14T17:39:42+00:00\" \/>\n<meta name=\"twitter:card\" content=\"summary_large_image\" \/>\n<meta name=\"twitter:label1\" content=\"\u041f\u0440\u0438\u043c\u0435\u0440\u043d\u043e\u0435 \u0432\u0440\u0435\u043c\u044f \u0434\u043b\u044f \u0447\u0442\u0435\u043d\u0438\u044f\" \/>\n\t<meta name=\"twitter:data1\" content=\"1 \u043c\u0438\u043d\u0443\u0442\u0430\" \/>\n<script type=\"application\/ld+json\" class=\"yoast-schema-graph\">{\"@context\":\"https:\/\/schema.org\",\"@graph\":[{\"@type\":\"WebPage\",\"@id\":\"https:\/\/esautod.ee\/ru\/blog\/\",\"url\":\"https:\/\/esautod.ee\/blog\/\",\"name\":\"\u0411\u043b\u043e\u0433 - ES Autod O\u00dc\",\"isPartOf\":{\"@id\":\"https:\/\/esautod.ee\/#website\"},\"datePublished\":\"2026-03-13T14:05:16+00:00\",\"dateModified\":\"2026-03-14T17:39:42+00:00\",\"breadcrumb\":{\"@id\":\"https:\/\/esautod.ee\/blog\/#breadcrumb\"},\"inLanguage\":\"ru-RU\",\"potentialAction\":[{\"@type\":\"ReadAction\",\"target\":[\"https:\/\/esautod.ee\/blog\/\"]}]},{\"@type\":\"BreadcrumbList\",\"@id\":\"https:\/\/esautod.ee\/blog\/#breadcrumb\",\"itemListElement\":[{\"@type\":\"ListItem\",\"position\":1,\"name\":\"Home\",\"item\":\"https:\/\/esautod.ee\/ru\/\"},{\"@type\":\"ListItem\",\"position\":2,\"name\":\"\u0411\u043b\u043e\u0433\"}]},{\"@type\":\"WebSite\",\"@id\":\"https:\/\/esautod.ee\/#website\",\"url\":\"https:\/\/esautod.ee\/\",\"name\":\"ES Autod O\u00dc\",\"description\":\"Autode ost ja m\u00fc\u00fck \u00fcle Eesti!\",\"potentialAction\":[{\"@type\":\"SearchAction\",\"target\":{\"@type\":\"EntryPoint\",\"urlTemplate\":\"https:\/\/esautod.ee\/?s={search_term_string}\"},\"query-input\":{\"@type\":\"PropertyValueSpecification\",\"valueRequired\":true,\"valueName\":\"search_term_string\"}}],\"inLanguage\":\"ru-RU\"}]}<\/script>\n<!-- \/ Yoast SEO plugin. -->","yoast_head_json":{"title":"\u0411\u043b\u043e\u0433 - ES Autod O\u00dc","robots":{"index":"index","follow":"follow","max-snippet":"max-snippet:-1","max-image-preview":"max-image-preview:large","max-video-preview":"max-video-preview:-1"},"canonical":"https:\/\/esautod.ee\/blog\/","og_locale":"ru_RU","og_type":"article","og_title":"\u0411\u043b\u043e\u0433 - ES Autod O\u00dc","og_description":"[vc_row][vc_column][stm_blog_grid per_page=&#187;9&#8243; advert_link=&#187;https:\/\/esautod.ee\/ru\/blog\/skupka-avto-tsena-estoniya\/&#187;][\/vc_column][\/vc_row]","og_url":"https:\/\/esautod.ee\/blog\/","og_site_name":"ES Autod O\u00dc","article_modified_time":"2026-03-14T17:39:42+00:00","twitter_card":"summary_large_image","twitter_misc":{"\u041f\u0440\u0438\u043c\u0435\u0440\u043d\u043e\u0435 \u0432\u0440\u0435\u043c\u044f \u0434\u043b\u044f \u0447\u0442\u0435\u043d\u0438\u044f":"1 \u043c\u0438\u043d\u0443\u0442\u0430"},"schema":{"@context":"https:\/\/schema.org","@graph":[{"@type":"WebPage","@id":"https:\/\/esautod.ee\/ru\/blog\/","url":"https:\/\/esautod.ee\/blog\/","name":"\u0411\u043b\u043e\u0433 - ES Autod O\u00dc","isPartOf":{"@id":"https:\/\/esautod.ee\/#website"},"datePublished":"2026-03-13T14:05:16+00:00","dateModified":"2026-03-14T17:39:42+00:00","breadcrumb":{"@id":"https:\/\/esautod.ee\/blog\/#breadcrumb"},"inLanguage":"ru-RU","potentialAction":[{"@type":"ReadAction","target":["https:\/\/esautod.ee\/blog\/"]}]},{"@type":"BreadcrumbList","@id":"https:\/\/esautod.ee\/blog\/#breadcrumb","itemListElement":[{"@type":"ListItem","position":1,"name":"Home","item":"https:\/\/esautod.ee\/ru\/"},{"@type":"ListItem","position":2,"name":"\u0411\u043b\u043e\u0433"}]},{"@type":"WebSite","@id":"https:\/\/esautod.ee\/#website","url":"https:\/\/esautod.ee\/","name":"ES Autod O\u00dc","description":"Autode ost ja m\u00fc\u00fck \u00fcle Eesti!","potentialAction":[{"@type":"SearchAction","target":{"@type":"EntryPoint","urlTemplate":"https:\/\/esautod.ee\/?s={search_term_string}"},"query-input":{"@type":"PropertyValueSpecification","valueRequired":true,"valueName":"search_term_string"}}],"inLanguage":"ru-RU"}]}},"_links":{"self":[{"href":"https:\/\/esautod.ee\/ru\/wp-json\/wp\/v2\/pages\/3947154","targetHints":{"allow":["GET"]}}],"collection":[{"href":"https:\/\/esautod.ee\/ru\/wp-json\/wp\/v2\/pages"}],"about":[{"href":"https:\/\/esautod.ee\/ru\/wp-json\/wp\/v2\/types\/page"}],"author":[{"embeddable":true,"href":"https:\/\/esautod.ee\/ru\/wp-json\/wp\/v2\/users\/7"}],"replies":[{"embeddable":true,"href":"https:\/\/esautod.ee\/ru\/wp-json\/wp\/v2\/comments?post=3947154"}],"version-history":[{"count":5,"href":"https:\/\/esautod.ee\/ru\/wp-json\/wp\/v2\/pages\/3947154\/revisions"}],"predecessor-version":[{"id":3947233,"href":"https:\/\/esautod.ee\/ru\/wp-json\/wp\/v2\/pages\/3947154\/revisions\/3947233"}],"wp:attachment":[{"href":"https:\/\/esautod.ee\/ru\/wp-json\/wp\/v2\/media?parent=3947154"}],"curies":[{"name":"wp","href":"https:\/\/api.w.org\/{rel}","templated":true}]}}