{"id":1937806,"date":"2022-09-19T07:48:40","date_gmt":"2022-09-19T07:48:40","guid":{"rendered":"https:\/\/esautod.ee\/?page_id=1937806"},"modified":"2025-02-28T14:25:41","modified_gmt":"2025-02-28T14:25:41","slug":"kontakt","status":"publish","type":"page","link":"https:\/\/esautod.ee\/ru\/kontakt\/","title":{"rendered":"\u041a\u043e\u043d\u0442\u0430\u043a\u0442"},"content":{"rendered":"<div class=\"wpb-content-wrapper\"><p>[vc_row full_width=&#187;stretch_row&#187; parallax=&#187;content-moving&#187; parallax_image=&#187;1876&#8243; css=&#187;.vc_custom_1634233858364{margin-bottom: 0px !important;padding-top: 311px !important;}&#187;][vc_column][\/vc_column][\/vc_row][vc_row css=&#187;.vc_custom_1447829274492{margin-top: -177px !important;margin-bottom: 64px !important;}&#187;][vc_column][stm_contact_form form=&#187;1937833&#8243; title=&#187;\u0421\u0432\u044f\u0436\u0438\u0442\u0435\u0441\u044c \u0441 \u043d\u0430\u043c\u0438&#187; css=&#187;.vc_custom_1721930570291{padding-bottom: 30px !important;}&#187;][\/vc_column][\/vc_row][vc_row css=&#187;.vc_custom_1634131972480{margin-bottom: 50px !important;}&#187;][vc_column css=&#187;.vc_custom_1632481364391{margin-bottom: 25px !important;padding-left: 20px !important;}&#187; offset=&#187;vc_col-lg-4 vc_col-md-12&#8243;][vc_column_text css=&#187;.vc_custom_1721930584363{margin-bottom: 0px !important;padding-top: 15px !important;padding-right: 20px !important;padding-bottom: 10px !important;padding-left: 20px !important;background-color: #000000 !important;}&#187; el_class=&#187;contact-page-box-title&#187;]<span style=\"color: #ffffff;\">\u0418\u041d\u0424\u041e<\/span>[\/vc_column_text][vc_row_inner css=&#187;.vc_custom_1632481463241{margin-right: 0px !important;margin-left: 0px !important;padding-top: 20px !important;padding-right: 20px !important;padding-bottom: 20px !important;padding-left: 20px !important;background-color: #ffffff !important;}&#187;][vc_column_inner el_class=&#187;contact-page-box-content&#187;][stm_icon_box title_holder=&#187;h4&#8243; icon=&#187;stm-icon-pin&#187; box_bg_color=&#187;rgba(255,255,255,0.01)&#187; box_text_color=&#187;#232628&#8243; icon_color=&#187;#cc6119&#8243; icon_size=&#187;31&#8243; title=&#187;A\u0434\u0440\u0435\u0441&#187; css=&#187;.vc_custom_1740752724767{margin-bottom: 20px !important;padding-top: 0px !important;padding-right: 0px !important;padding-bottom: 0px !important;padding-left: 0px !important;}&#187; line_height=&#187;18&#8243; css_icon=&#187;.vc_custom_1740752724767{margin-top: 2px !important;margin-right: 23px !important;margin-left: 4px !important;}&#187;]V\u00e4ike-Paala tn 2, 11415 Tallinn[\/stm_icon_box][stm_icon_box title_holder=&#187;h4&#8243; icon=&#187;stm-icon-phone&#187; box_bg_color=&#187;rgba(255,255,255,0.01)&#187; box_text_color=&#187;#232628&#8243; icon_color=&#187;#cc6119&#8243; icon_size=&#187;31&#8243; title=&#187;H\u043e\u043c\u0435\u0440 \u0442\u0435\u043b\u0435\u0444\u043e\u043d\u0430&#187; css=&#187;.vc_custom_1721903046278{margin-bottom: 20px !important;padding-top: 0px !important;padding-right: 0px !important;padding-bottom: 0px !important;padding-left: 0px !important;}&#187; line_height=&#187;18&#8243; css_icon=&#187;.vc_custom_1721903046277{margin-top: 2px !important;margin-right: 23px !important;margin-left: 4px !important;}&#187;]<span style=\"font-size: 14px;\">\u041e\u0431\u0449\u0438\u0439 \u043d\u043e\u043c\u0435\u0440: <a href=\"tel:59005900\">+372 5900 5900<\/a><br \/>\n<\/span>[\/stm_icon_box][\/vc_column_inner][\/vc_row_inner][\/vc_column][vc_column css=&#187;.vc_custom_1448867270861{margin-bottom: 25px !important;}&#187; offset=&#187;vc_col-lg-8 vc_col-md-12&#8243;][vc_raw_html]JTNDaWZyYW1lJTIwc3JjJTNEJTIyaHR0cHMlM0ElMkYlMkZ3d3cuZ29vZ2xlLmNvbSUyRm1hcHMlMkZlbWJlZCUzRnBiJTNEJTIxMW0xOCUyMTFtMTIlMjExbTMlMjExZDIwMjkuMzQxMTI5MTIyNDIzMSUyMTJkMjQuODA2MjE4Mjc3MDYyMzU2JTIxM2Q1OS40MjczODQ5NzQ2NjE5JTIxMm0zJTIxMWYwJTIxMmYwJTIxM2YwJTIxM20yJTIxMWkxMDI0JTIxMmk3NjglMjE0ZjEzLjElMjEzbTMlMjExbTIlMjExczB4NDY5MmVkNjhlZGU1ZGFmMSUyNTNBMHg0YzU5YWZkZTYyM2U4ODE0JTIxMnNWJTI1QzMlMjVBNGlrZS1QYWFsYSUyNTIwdG4lMjUyMDIlMjUyQyUyNTIwMTE0MTUlMjUyMFRhbGxpbm4lMjE1ZTAlMjEzbTIlMjExc3J1JTIxMnNlZSUyMTR2MTc0MDc1MjY3MzQ2NSUyMTVtMiUyMTFzcnUlMjEyc2VlJTIyJTIwd2lkdGglM0QlMjIxMDAlMjUlMjIlMjBoZWlnaHQlM0QlMjI0NTAlMjIlMjBzdHlsZSUzRCUyMmJvcmRlciUzQTAlM0IlMjIlMjBhbGxvd2Z1bGxzY3JlZW4lM0QlMjIlMjIlMjBsb2FkaW5nJTNEJTIybGF6eSUyMiUyMHJlZmVycmVycG9saWN5JTNEJTIybm8tcmVmZXJyZXItd2hlbi1kb3duZ3JhZGUlMjIlM0UlM0MlMkZpZnJhbWUlM0U=[\/vc_raw_html][\/vc_column][\/vc_row]<\/p>\n<\/div>","protected":false},"excerpt":{"rendered":"<p>[vc_row full_width=&#187;stretch_row&#187; parallax=&#187;content-moving&#187; parallax_image=&#187;1876&#8243; css=&#187;.vc_custom_1634233858364{margin-bottom: 0px !important;padding-top: 311px !important;}&#187;][vc_column][\/vc_column][\/vc_row][vc_row css=&#187;.vc_custom_1447829274492{margin-top: -177px !important;margin-bottom: 64px !important;}&#187;][vc_column][stm_contact_form form=&#187;1937833&#8243; title=&#187;\u0421\u0432\u044f\u0436\u0438\u0442\u0435\u0441\u044c \u0441 \u043d\u0430\u043c\u0438&#187; css=&#187;.vc_custom_1721930570291{padding-bottom: 30px !important;}&#187;][\/vc_column][\/vc_row][vc_row css=&#187;.vc_custom_1634131972480{margin-bottom: 50px !important;}&#187;][vc_column css=&#187;.vc_custom_1632481364391{margin-bottom: 25px !important;padding-left: 20px !important;}&#187; offset=&#187;vc_col-lg-4 vc_col-md-12&#8243;][vc_column_text css=&#187;.vc_custom_1721930584363{margin-bottom: 0px !important;padding-top: 15px !important;padding-right: 20px !important;padding-bottom: 10px !important;padding-left: 20px !important;background-color: #000000 !important;}&#187; el_class=&#187;contact-page-box-title&#187;]\u0418\u041d\u0424\u041e[\/vc_column_text][vc_row_inner css=&#187;.vc_custom_1632481463241{margin-right: 0px !important;margin-left: 0px !important;padding-top: 20px !important;padding-right: 20px !important;padding-bottom: 20px&#8230;<\/p>\n","protected":false},"author":2,"featured_media":0,"parent":0,"menu_order":0,"comment_status":"closed","ping_status":"closed","template":"","meta":{"_acf_changed":false,"footnotes":""},"class_list":["post-1937806","page","type-page","status-publish","hentry"],"acf":[],"yoast_head":"<!-- This site is optimized with the Yoast SEO plugin v26.3 - https:\/\/yoast.com\/wordpress\/plugins\/seo\/ -->\n<title>\u041a\u043e\u043d\u0442\u0430\u043a\u0442 - ES Autod O\u00dc<\/title>\n<meta name=\"robots\" content=\"index, follow, max-snippet:-1, max-image-preview:large, max-video-preview:-1\" \/>\n<link rel=\"canonical\" href=\"https:\/\/esautod.ee\/ru\/kontakt\/\" \/>\n<meta property=\"og:locale\" content=\"ru_RU\" \/>\n<meta property=\"og:type\" content=\"article\" \/>\n<meta property=\"og:title\" content=\"\u041a\u043e\u043d\u0442\u0430\u043a\u0442 - ES Autod O\u00dc\" \/>\n<meta property=\"og:description\" content=\"[vc_row full_width=&#187;stretch_row&#187; parallax=&#187;content-moving&#187; parallax_image=&#187;1876&#8243; css=&#187;.vc_custom_1634233858364{margin-bottom: 0px !important;padding-top: 311px !important;}&#187;][vc_column][\/vc_column][\/vc_row][vc_row css=&#187;.vc_custom_1447829274492{margin-top: -177px !important;margin-bottom: 64px !important;}&#187;][vc_column][stm_contact_form form=&#187;1937833&#8243; title=&#187;\u0421\u0432\u044f\u0436\u0438\u0442\u0435\u0441\u044c \u0441 \u043d\u0430\u043c\u0438&#187; css=&#187;.vc_custom_1721930570291{padding-bottom: 30px !important;}&#187;][\/vc_column][\/vc_row][vc_row css=&#187;.vc_custom_1634131972480{margin-bottom: 50px !important;}&#187;][vc_column css=&#187;.vc_custom_1632481364391{margin-bottom: 25px !important;padding-left: 20px !important;}&#187; offset=&#187;vc_col-lg-4 vc_col-md-12&#8243;][vc_column_text css=&#187;.vc_custom_1721930584363{margin-bottom: 0px !important;padding-top: 15px !important;padding-right: 20px !important;padding-bottom: 10px !important;padding-left: 20px !important;background-color: #000000 !important;}&#187; el_class=&#187;contact-page-box-title&#187;]\u0418\u041d\u0424\u041e[\/vc_column_text][vc_row_inner css=&#187;.vc_custom_1632481463241{margin-right: 0px !important;margin-left: 0px !important;padding-top: 20px !important;padding-right: 20px !important;padding-bottom: 20px...\" \/>\n<meta property=\"og:url\" content=\"https:\/\/esautod.ee\/ru\/kontakt\/\" \/>\n<meta property=\"og:site_name\" content=\"ES Autod O\u00dc\" \/>\n<meta property=\"article:modified_time\" content=\"2025-02-28T14:25:41+00:00\" \/>\n<meta name=\"twitter:card\" content=\"summary_large_image\" \/>\n<meta name=\"twitter:label1\" content=\"\u041f\u0440\u0438\u043c\u0435\u0440\u043d\u043e\u0435 \u0432\u0440\u0435\u043c\u044f \u0434\u043b\u044f \u0447\u0442\u0435\u043d\u0438\u044f\" \/>\n\t<meta name=\"twitter:data1\" content=\"1 \u043c\u0438\u043d\u0443\u0442\u0430\" \/>\n<script type=\"application\/ld+json\" class=\"yoast-schema-graph\">{\"@context\":\"https:\/\/schema.org\",\"@graph\":[{\"@type\":\"WebPage\",\"@id\":\"https:\/\/esautod.ee\/ru\/kontakt\/\",\"url\":\"https:\/\/esautod.ee\/ru\/kontakt\/\",\"name\":\"\u041a\u043e\u043d\u0442\u0430\u043a\u0442 - ES Autod O\u00dc\",\"isPartOf\":{\"@id\":\"https:\/\/esautod.ee\/#website\"},\"datePublished\":\"2022-09-19T07:48:40+00:00\",\"dateModified\":\"2025-02-28T14:25:41+00:00\",\"breadcrumb\":{\"@id\":\"https:\/\/esautod.ee\/ru\/kontakt\/#breadcrumb\"},\"inLanguage\":\"ru-RU\",\"potentialAction\":[{\"@type\":\"ReadAction\",\"target\":[\"https:\/\/esautod.ee\/ru\/kontakt\/\"]}]},{\"@type\":\"BreadcrumbList\",\"@id\":\"https:\/\/esautod.ee\/ru\/kontakt\/#breadcrumb\",\"itemListElement\":[{\"@type\":\"ListItem\",\"position\":1,\"name\":\"Home\",\"item\":\"https:\/\/esautod.ee\/ru\/\"},{\"@type\":\"ListItem\",\"position\":2,\"name\":\"\u041a\u043e\u043d\u0442\u0430\u043a\u0442\"}]},{\"@type\":\"WebSite\",\"@id\":\"https:\/\/esautod.ee\/#website\",\"url\":\"https:\/\/esautod.ee\/\",\"name\":\"ES Autod O\u00dc\",\"description\":\"Autode ost ja m\u00fc\u00fck \u00fcle Eesti!\",\"potentialAction\":[{\"@type\":\"SearchAction\",\"target\":{\"@type\":\"EntryPoint\",\"urlTemplate\":\"https:\/\/esautod.ee\/?s={search_term_string}\"},\"query-input\":{\"@type\":\"PropertyValueSpecification\",\"valueRequired\":true,\"valueName\":\"search_term_string\"}}],\"inLanguage\":\"ru-RU\"}]}<\/script>\n<!-- \/ Yoast SEO plugin. -->","yoast_head_json":{"title":"\u041a\u043e\u043d\u0442\u0430\u043a\u0442 - ES Autod O\u00dc","robots":{"index":"index","follow":"follow","max-snippet":"max-snippet:-1","max-image-preview":"max-image-preview:large","max-video-preview":"max-video-preview:-1"},"canonical":"https:\/\/esautod.ee\/ru\/kontakt\/","og_locale":"ru_RU","og_type":"article","og_title":"\u041a\u043e\u043d\u0442\u0430\u043a\u0442 - ES Autod O\u00dc","og_description":"[vc_row full_width=&#187;stretch_row&#187; parallax=&#187;content-moving&#187; parallax_image=&#187;1876&#8243; css=&#187;.vc_custom_1634233858364{margin-bottom: 0px !important;padding-top: 311px !important;}&#187;][vc_column][\/vc_column][\/vc_row][vc_row css=&#187;.vc_custom_1447829274492{margin-top: -177px !important;margin-bottom: 64px !important;}&#187;][vc_column][stm_contact_form form=&#187;1937833&#8243; title=&#187;\u0421\u0432\u044f\u0436\u0438\u0442\u0435\u0441\u044c \u0441 \u043d\u0430\u043c\u0438&#187; css=&#187;.vc_custom_1721930570291{padding-bottom: 30px !important;}&#187;][\/vc_column][\/vc_row][vc_row css=&#187;.vc_custom_1634131972480{margin-bottom: 50px !important;}&#187;][vc_column css=&#187;.vc_custom_1632481364391{margin-bottom: 25px !important;padding-left: 20px !important;}&#187; offset=&#187;vc_col-lg-4 vc_col-md-12&#8243;][vc_column_text css=&#187;.vc_custom_1721930584363{margin-bottom: 0px !important;padding-top: 15px !important;padding-right: 20px !important;padding-bottom: 10px !important;padding-left: 20px !important;background-color: #000000 !important;}&#187; el_class=&#187;contact-page-box-title&#187;]\u0418\u041d\u0424\u041e[\/vc_column_text][vc_row_inner css=&#187;.vc_custom_1632481463241{margin-right: 0px !important;margin-left: 0px !important;padding-top: 20px !important;padding-right: 20px !important;padding-bottom: 20px...","og_url":"https:\/\/esautod.ee\/ru\/kontakt\/","og_site_name":"ES Autod O\u00dc","article_modified_time":"2025-02-28T14:25:41+00:00","twitter_card":"summary_large_image","twitter_misc":{"\u041f\u0440\u0438\u043c\u0435\u0440\u043d\u043e\u0435 \u0432\u0440\u0435\u043c\u044f \u0434\u043b\u044f \u0447\u0442\u0435\u043d\u0438\u044f":"1 \u043c\u0438\u043d\u0443\u0442\u0430"},"schema":{"@context":"https:\/\/schema.org","@graph":[{"@type":"WebPage","@id":"https:\/\/esautod.ee\/ru\/kontakt\/","url":"https:\/\/esautod.ee\/ru\/kontakt\/","name":"\u041a\u043e\u043d\u0442\u0430\u043a\u0442 - ES Autod O\u00dc","isPartOf":{"@id":"https:\/\/esautod.ee\/#website"},"datePublished":"2022-09-19T07:48:40+00:00","dateModified":"2025-02-28T14:25:41+00:00","breadcrumb":{"@id":"https:\/\/esautod.ee\/ru\/kontakt\/#breadcrumb"},"inLanguage":"ru-RU","potentialAction":[{"@type":"ReadAction","target":["https:\/\/esautod.ee\/ru\/kontakt\/"]}]},{"@type":"BreadcrumbList","@id":"https:\/\/esautod.ee\/ru\/kontakt\/#breadcrumb","itemListElement":[{"@type":"ListItem","position":1,"name":"Home","item":"https:\/\/esautod.ee\/ru\/"},{"@type":"ListItem","position":2,"name":"\u041a\u043e\u043d\u0442\u0430\u043a\u0442"}]},{"@type":"WebSite","@id":"https:\/\/esautod.ee\/#website","url":"https:\/\/esautod.ee\/","name":"ES Autod O\u00dc","description":"Autode ost ja m\u00fc\u00fck \u00fcle Eesti!","potentialAction":[{"@type":"SearchAction","target":{"@type":"EntryPoint","urlTemplate":"https:\/\/esautod.ee\/?s={search_term_string}"},"query-input":{"@type":"PropertyValueSpecification","valueRequired":true,"valueName":"search_term_string"}}],"inLanguage":"ru-RU"}]}},"_links":{"self":[{"href":"https:\/\/esautod.ee\/ru\/wp-json\/wp\/v2\/pages\/1937806","targetHints":{"allow":["GET"]}}],"collection":[{"href":"https:\/\/esautod.ee\/ru\/wp-json\/wp\/v2\/pages"}],"about":[{"href":"https:\/\/esautod.ee\/ru\/wp-json\/wp\/v2\/types\/page"}],"author":[{"embeddable":true,"href":"https:\/\/esautod.ee\/ru\/wp-json\/wp\/v2\/users\/2"}],"replies":[{"embeddable":true,"href":"https:\/\/esautod.ee\/ru\/wp-json\/wp\/v2\/comments?post=1937806"}],"version-history":[{"count":5,"href":"https:\/\/esautod.ee\/ru\/wp-json\/wp\/v2\/pages\/1937806\/revisions"}],"predecessor-version":[{"id":3946807,"href":"https:\/\/esautod.ee\/ru\/wp-json\/wp\/v2\/pages\/1937806\/revisions\/3946807"}],"wp:attachment":[{"href":"https:\/\/esautod.ee\/ru\/wp-json\/wp\/v2\/media?parent=1937806"}],"curies":[{"name":"wp","href":"https:\/\/api.w.org\/{rel}","templated":true}]}}